{"id":6,"date":"2015-05-10T10:57:26","date_gmt":"2015-05-10T08:57:26","guid":{"rendered":"http:\/\/www.professionearchitetto.it\/cad\/?page_id=6"},"modified":"2021-10-18T08:57:13","modified_gmt":"2021-10-18T06:57:13","slug":"esercitazioni-autocad-on-line","status":"publish","type":"page","link":"https:\/\/www.professionearchitetto.it\/cad\/","title":{"rendered":"esercitazioni AutoCAD on-line"},"content":{"rendered":"Queste lezioni sono state realizzate per cercare di fornire una impostazione di base ed un supporto metodologico alla realizzazione di disegni con AutoCAD.\n\nL&#8217;argomento \u00e8 di per s\u00e9 sufficientemente vasto e complesso da necessitare ben pi\u00f9 di una dozzina di lezioni per essere sviluppato completamente. Ci\u00f2 non toglie che questi consigli possono costituire un valido supporto per chi si appresta ad iniziare, ma anche per coloro che hanno gi\u00e0 una discreta esperienza di disegno con software CAD.\n\nC&#8217;\u00e8 da dire, inoltre, che come tutte le esperienze di questo tipo, anche questa \u00e8 da considerarsi <i>in progress<\/i>, vale a dire che, a seconda delle necessit\u00e0 ed opportunit\u00e0, le lezioni verranno ampliate successivamente fino a costituire uno strumento senz&#8217;altro pi\u00f9 valido e completo di quanto oggi non sia.\n\nCome gi\u00e0 accennato queste lezioni vogliono fornire, pi\u00f9 che altro,un metodo di base per impostare correttamente il lavoro con AutoCAD, rimandando ad altri testi, o allo stesso help di AutoCAD (che consideriamo senz&#8217;altro il manuale pi\u00f9 completo), la descrizione puntuale ed esaustiva dei singoli comandi utilizzati.\n\nQuesta necessit\u00e0 nasce dal fatto che vi sono in commercio decine di manuali in cui viene descritto ampliamente <b>cosa<\/b> si pu\u00f2 fare, ma in pochi viene descritto <b>come<\/b> e <b>quando<\/b> utilizzare quel comando al posto di un altro.\n\nIl problema deriva essenzialmente dal numero possibile dei campi di applicazione di questo software che spaziano dalla meccanica al disegno grafico. Nel nostro caso tenteremo di fornire un metodo che riguarda principalmente la progettazione ed il disegno architettonico.\n\nDetto questo, andiamo ad illustrare ci\u00f2 che \u00e8 stato realizzato finora.\n<h2><a id=\"1\" name=\"1\"><\/a>Per iniziare<\/h2>\nAbbiamo realizzato alcune lezioni introduttive necessarie per spiegare i principi fondamentali da cui parte il nostro metodo e sono costituite da:\n<ul>\n \t<li><a href=\"\/cad\/le-primitive-grafiche\/\">le primitive grafiche<\/a><\/li>\n \t<li><a href=\"\/cad\/le-impostazioni-iniziali-del-disegno\/\">impostazioni iniziali del disegno<\/a><\/li>\n \t<li><a href=\"\/cad\/le-modalita-di-inserimento\/\">modalit\u00e0 di inserimento dei dati<\/a><\/li>\n \t<li><a href=\"\/cad\/le-modalita-di-selezione-oggetti\/\">modalit\u00e0 di selezione oggetti<\/a><\/li>\n \t<li><a href=\"\/cad\/i-comandi-di-modifica-delle-entita\/\">comandi di modifica oggetti<\/a><\/li>\n \t<li>le possibilit\u00e0 di visualizzazione<\/li>\n \t<li><a href=\"\/cad\/le-modalita-di-supporto-al-puntamento\/\">le modalit\u00e0 di supporto al puntamento<\/a><\/li>\n<\/ul>\n<h2><a id=\"2\" name=\"2\"><\/a>Questioni di metodo<\/h2>\nUn secondo gruppo di lezioni riguardanti pi\u00f9 specificamente questioni di metodo:\n<ul>\n \t<li><a href=\"\/cad\/luso-dei-layer\/\">l&#8217;uso dei layer<\/a><\/li>\n \t<li><a href=\"\/cad\/luso-dei-blocchi\/\">l&#8217;uso dei blocchi<\/a><\/li>\n \t<li><a href=\"\/cad\/la-quotatura-di-un-disegno\/\">la quotatura di un disegno<\/a><\/li>\n \t<li><a href=\"\/cad\/testi-testatine-e-squadratura\/\">testi, testatine e squadratura<\/a><\/li>\n \t<li><a href=\"\/cad\/le-immagini-raster\/\">le immagini raster<\/a><\/li>\n \t<li><a href=\"\/cad\/le-campiture\/\">le campiture<\/a><\/li>\n \t<li><a href=\"\/cad\/luso-di-paper-space\/\">l&#8217;uso dello spazio carta<\/a>\n<ul>\n \t<li><a href=\"\/cad\/luso-di-paper-space-come-entrare-in-modalita-paper-space\/\">l&#8217;uso di Paper-space \u2013 come entrare in modalit\u00e0 paper-space<\/a><\/li>\n \t<li><a href=\"\/cad\/luso-di-paper-space-e-se-avessimo-necessita-di-altre-viewport\/\">l\u2019uso di Paper-space \u2013 e se avessimo necessit\u00e0 di altre viewport?<\/a><\/li>\n \t<li><a href=\"https:\/\/www.professionearchitetto.it\/cad\/luso-di-paper-space-la-viewport-ed-il-rapporto-di-scala\/\">l\u2019uso di Paper-space \u2013 la viewport ed il rapporto di scala<\/a><\/li>\n \t<li><a href=\"https:\/\/www.professionearchitetto.it\/cad\/luso-di-paper-space-le-viewport-e-i-layers\/\">l\u2019uso di Paper-space \u2013 la viewport e i layers<\/a><\/li>\n<\/ul>\n<\/li>\n \t<li><a href=\"\/cad\/i-problemi-riguardanti-la-stampa\/\">i problemi riguardanti la stampa<\/a><\/li>\n \t<li><a href=\"\/cad\/12-errori-da-evitare\/\">12 errori da evitare<\/a><\/li>\n<\/ul>\n<h2><a id=\"4\" name=\"4\"><\/a>Conversione comandi<\/h2>\n<ul>\n \t<li><a href=\"\/cad\/ita-eng\/\">italiano -&gt; inglese<\/a><\/li>\n \t<li><a href=\"\/cad\/eng-ita\/\">inglese -&gt; italiano<\/a><\/li>\n<\/ul>\n<h2><a id=\"4\" name=\"4\"><\/a>Trucchi e consigli<\/h2>\n<ul>\n \t<li><a href=\"\/cad\/come-si-stampa-il-bianco-in-autocad\/\">Come si stampa il bianco<\/a><\/li>\n \t<li><a href=\"\/cad\/trasformare-un-disegno-da-autocad-a-photoshop\/\">Pubblicare un dwg su Internet (Trasformare un dwg in jpg)<\/a><\/li>\n \t<li><a href=\"\/cad\/trasformare-una-vista-3d-in-2d\/\">Trasformare una vista 3D in 2D (Stampa su File DXB)<\/a><\/li>\n<\/ul>\n<h2><a id=\"3\" name=\"3\"><\/a>10 Esercizi<\/h2>\nUn terzo blocco costituito da <b>esercitazioni<\/b> da effettuare on-line:\n<ul>\n \t<li>1. <a href=\"\/cad\/esercizio-le-primitive-grafiche-semplici\/\">le primitive grafiche semplici<\/a><\/li>\n \t<li>2. <a href=\"\/cad\/esercizio-le-primitive-grafiche-complesse\/\">le primitive grafiche complesse<\/a><\/li>\n \t<li>3. <a href=\"\/cad\/esercizio-luso-dei-blocchi-1\/\">l&#8217;uso dei blocchi (1)<\/a><\/li>\n \t<li>4. <a href=\"\/cad\/esercizio-luso-delle-immagini-raster\/\">l&#8217;uso delle immagini raster<\/a><\/li>\n \t<li>5. <a href=\"\/cad\/esercizio-il-disegno-di-un-rilievo\/\">il disegno di un rilevo<\/a><\/li>\n \t<li>6. <a href=\"\/cad\/esercizio-luso-dei-blocchi-2\/\">l&#8217;uso dei blocchi<\/a> (2)<\/li>\n \t<li>7. <a href=\"\/cad\/esercizio-i-blocchi-con-attributi\/\">i blocchi con attributi<\/a><\/li>\n \t<li>8. <a href=\"\/cad\/esercizio-luso-di-paper-space\/\">l&#8217;uso di paper space<\/a><\/li>\n \t<li>9. <a href=\"\/cad\/esercizio-gli-oggetti-ole\/\">gli oggetti OLE<\/a><\/li>\n \t<li>10. <a href=\"\/cad\/esercizio-una-caccia-al-tesoro\/\">una caccia al tesoro<\/a><\/li>\n<\/ul>","protected":false},"excerpt":{"rendered":"<p>Queste lezioni sono state realizzate per cercare di fornire una impostazione di base ed un supporto metodologico alla realizzazione di disegni con AutoCAD. L&#8217;argomento \u00e8 di per s\u00e9 sufficientemente vasto e complesso da necessitare ben pi\u00f9 di una dozzina di lezioni per essere sviluppato completamente. Ci\u00f2 non toglie che questi consigli possono costituire un valido [&hellip;]<\/p>\n","protected":false},"author":1,"featured_media":0,"parent":0,"menu_order":0,"comment_status":"open","ping_status":"open","template":"","meta":{"footnotes":""},"class_list":["post-6","page","type-page","status-publish"],"_links":{"self":[{"href":"https:\/\/www.professionearchitetto.it\/cad\/wp-json\/wp\/v2\/pages\/6","targetHints":{"allow":["GET"]}}],"collection":[{"href":"https:\/\/www.professionearchitetto.it\/cad\/wp-json\/wp\/v2\/pages"}],"about":[{"href":"https:\/\/www.professionearchitetto.it\/cad\/wp-json\/wp\/v2\/types\/page"}],"author":[{"embeddable":true,"href":"https:\/\/www.professionearchitetto.it\/cad\/wp-json\/wp\/v2\/users\/1"}],"replies":[{"embeddable":true,"href":"https:\/\/www.professionearchitetto.it\/cad\/wp-json\/wp\/v2\/comments?post=6"}],"version-history":[{"count":0,"href":"https:\/\/www.professionearchitetto.it\/cad\/wp-json\/wp\/v2\/pages\/6\/revisions"}],"wp:attachment":[{"href":"https:\/\/www.professionearchitetto.it\/cad\/wp-json\/wp\/v2\/media?parent=6"}],"curies":[{"name":"wp","href":"https:\/\/api.w.org\/{rel}","templated":true}]}}