{"id":2,"date":"2013-11-11T17:52:29","date_gmt":"2013-11-11T16:52:29","guid":{"rendered":"http:\/\/dzn.professionearchitetto.com\/?page_id=2"},"modified":"2014-03-31T01:02:18","modified_gmt":"2014-03-30T23:02:18","slug":"tid-e-professione-architetto-lavorano-per-i-designer","status":"publish","type":"page","link":"https:\/\/www.professionearchitetto.it\/design\/tid-e-professione-architetto-lavorano-per-i-designer\/","title":{"rendered":"TID e professione Architetto lavorano per i designer"},"content":{"rendered":"<p><em>Due piattaforme e un lavoro comune, per avere aggiornamenti, aiuti, idee, news e tanto altro dal mondo dell\u2019arredamento.<\/em><\/p>\r\n<p>Due siti web dedicati all\u2019architettura e all\u2019interior design con gli stessi obiettivi collaborano tra loro: <a href=\"http:\/\/www.theinteriordesign.it\/\"><strong>The Interior Design<\/strong><\/a> e professione Architetto. Due piattaforme nate per dedicarsi a chi lavora in questo mondo e agli appassionati del settore offrendo informazioni e news ogni giorno che semplificano la vita. Da oggi lavorano insieme e le opportunit\u00e0 di essere sempre aggiornati su ci\u00f2 che accade \u00e8 doppia, con uno scambio continuo di informazioni che permettono una visione pi\u00f9 ampia a tutti gli utenti.<\/p>\r\n<p><a href=\"http:\/\/www.theinteriordesign.it\/iscriviti.php\"><strong>The Interior Design<\/strong><\/a>\u00a0\u00e8 un sito web nato con la volont\u00e0 di puntare tutto sulla creativit\u00e0 dei designer e degli architetti offrendo un luogo che permettesse la libera circolazione di idee e, ai creativi, di mostrare le proprie capacit\u00e0 e, ai potenziali clienti, di scegliere i propri pezzi di arredo secondo gusti, necessit\u00e0, spazi, ma soprattutto portafoglio. Cos\u00ec per avere una casa ben studiata da oggi non \u00e8 necessario spendere una fortuna e diventa pi\u00f9 facile avere pezzi di design e dettagli unici. Tutto questo \u00e8 possibile spulciando fra tutti i giovani talentuosi che ogni giorno rendono accessibili a tutti i propri progetti aspettando che i futuri clienti scelgano il nome pi\u00f9 adatto alle proprie necessit\u00e0 e si mettano in contatto per ottenere la casa dei sogni. <strong><\/strong><\/p>\r\n<p><a href=\"http:\/\/www.theinteriordesign.it\/iscriviti.php\"><strong><img loading=\"lazy\" decoding=\"async\" class=\"alignright\" alt=\"\" src=\"http:\/\/yimg.professionearchitetto.it\/cc\/banner\/banner-TID-300X250_OK.gif\" width=\"300\" height=\"250\" \/><\/strong><\/a><strong>TID<\/strong> offre la possibilit\u00e0 a designer e architetti di mostrare i loro progetti e prodotti agli appassionati di design in modo gratuito tramite l\u2019<a href=\"http:\/\/www.theinteriordesign.it\/iscriviti.php\" target=\"_blank\">iscrizione al sito<\/a>. <strong>T<\/strong><strong>ID<\/strong> offre inoltre numerosi <a href=\"http:\/\/www.theinteriordesign.it\/servizi\/\" target=\"_blank\">servizi ai professionisti<\/a> che vanno dai corsi professionali alla realizzazione di video, foto professionali e siti internet.<\/p>\r\n<p>Vicino a questo tante news ogni giorno, idee e, molto presto, anche una sezione di <strong>shopping on-line<\/strong> per tutti i giovani addetti ai lavori che avranno la possibilit\u00e0, non solo di caricare i propri prodotti, ma anche di renderli direttamente disponibili per l\u2019acquisto.<\/p>\r\n<p>INFO: <a href=\"http:\/\/www.theinteriordesign.it\" target=\"_blank\">http:\/\/www.theinteriordesign.it<\/a><\/p>","protected":false},"excerpt":{"rendered":"<p>Due piattaforme e un lavoro comune, per avere aggiornamenti, aiuti, idee, news e tanto altro dal mondo dell\u2019arredamento. Due siti web dedicati all\u2019architettura e all\u2019interior design con gli stessi obiettivi collaborano tra loro: The Interior Design e professione Architetto. Due piattaforme nate per dedicarsi a chi lavora in questo mondo e agli appassionati del settore [&hellip;]<\/p>\n","protected":false},"author":1,"featured_media":0,"parent":0,"menu_order":0,"comment_status":"closed","ping_status":"closed","template":"","meta":{"footnotes":""},"class_list":["post-2","page","type-page","status-publish"],"_links":{"self":[{"href":"https:\/\/www.professionearchitetto.it\/design\/wp-json\/wp\/v2\/pages\/2","targetHints":{"allow":["GET"]}}],"collection":[{"href":"https:\/\/www.professionearchitetto.it\/design\/wp-json\/wp\/v2\/pages"}],"about":[{"href":"https:\/\/www.professionearchitetto.it\/design\/wp-json\/wp\/v2\/types\/page"}],"author":[{"embeddable":true,"href":"https:\/\/www.professionearchitetto.it\/design\/wp-json\/wp\/v2\/users\/1"}],"replies":[{"embeddable":true,"href":"https:\/\/www.professionearchitetto.it\/design\/wp-json\/wp\/v2\/comments?post=2"}],"version-history":[{"count":0,"href":"https:\/\/www.professionearchitetto.it\/design\/wp-json\/wp\/v2\/pages\/2\/revisions"}],"wp:attachment":[{"href":"https:\/\/www.professionearchitetto.it\/design\/wp-json\/wp\/v2\/media?parent=2"}],"curies":[{"name":"wp","href":"https:\/\/api.w.org\/{rel}","templated":true}]}}