{"id":30,"date":"2015-04-13T23:45:48","date_gmt":"2015-04-13T21:45:48","guid":{"rendered":"http:\/\/www.professionearchitetto.it\/job\/?page_id=30"},"modified":"2015-04-14T02:10:54","modified_gmt":"2015-04-14T00:10:54","slug":"architetti-al-lavoro","status":"publish","type":"page","link":"https:\/\/www.professionearchitetto.it\/job\/architetti-al-lavoro\/","title":{"rendered":"Architetti al lavoro"},"content":{"rendered":"<p>Pu\u00f2 ancora esistere un&#8217;architettura che immagina di migliorare la societ\u00e0? <br \/> L&#8217;Architetto pu\u00f2 avere un ruolo nel contrastare gli effetti negativi della globalizzazione?<br \/> Fatti non fummo a vivere di CAD o arredamenti, ma per seguir virtute e canoscenza&#8230;<\/p>\r\n<p style=\"margin-bottom: 30px;\"><strong>Architetti<em> al lavoro<\/em><\/strong> cerca di individuare possibili strade alternative. <br \/> Segnalatecene anche voi, raccontateci la vostra storia, che sia d&#8217;aiuto per gli altri.<\/p>\r\n<h2><a class=\"proseguiH3\" title=\"Architetti al lavoro: prospettive digitali\" href=\"http:\/\/www.professionearchitetto.it\/job\/digitale\/architetti-al-lavoro-prospettive-digitali\/\">Architetti al lavoro _ Prospettive digitali<\/a><\/h2>\r\n<p>di Francesca Bizzarro<\/p>\r\n<p><strong>Terzo speciale di Architetti<em> al lavoro<\/em><\/strong> e incursione nel mondo del digitale, a caccia di opportunit\u00e0 professionali innovative. Qualcuno obietter\u00e0 che le &#8220;contaminazioni&#8221; informatiche non sono certo una scoperta recente nel campo dell&#8217;architettura&#8230; ma in questo caso <strong>non \u00e8 di piante e alzati che vogliamo interessarci<\/strong>, n\u00e9 di classico disegno 3d.<\/p>\r\n<p class=\"freccina\" style=\"margin-bottom: 30px;\"><a title=\"Architetti al lavoro: prospettive digitali\" href=\"http:\/\/www.professionearchitetto.it\/job\/digitale\/architetti-al-lavoro-prospettive-digitali\/\"><strong>Architetti al lavoro _ Prospettive digitali<\/strong>:<br \/> le interviste, le informazioni utili, le offerte e le opportunit\u00e0 di lavoro<\/a>&#8230;<\/p>\r\n<h2><a class=\"proseguiH3\" title=\"Architetti al lavoro: progettare lo sviluppo\" href=\"\/job\/cooperazione\/architetti-al-lavoro-progettare-lo-sviluppo\/\">Architetti al lavoro _ progettare lo sviluppo<\/a><\/h2>\r\n<p>di Francesca Bizzarro<\/p>\r\n<p>La <strong>Cooperazione allo sviluppo<\/strong> rappresenta uno dei contesti in cui gli architetti possono attivamente investire la propria professionalit\u00e0, svolgendo un ruolo lontano anni luce da qualsiasi stereotipo, ma attinente con il concetto di &#8220;costruzione&#8221;.<\/p>\r\n<p class=\"freccina\" style=\"margin-bottom: 30px;\"><a title=\"Architetti al lavoro: progettare lo sviluppo\" href=\"\/job\/cooperazione\/architetti-al-lavoro-progettare-lo-sviluppo\/\"><strong>Progettare lo sviluppo: la cooperazione<\/strong><br \/> le interviste, le informazioni utili, le offerte e le opportunit\u00e0 di lavoro<\/a>&#8230;<\/p>\r\n<h2><a class=\"proseguiH3\" title=\"Architetti al lavoro: partecipazione \u00e8 creativit\u00e0\" href=\"\/job\/partecipazione\/architetti-al-lavoro-partecipazione-e-creativita\/\">Architetti al lavoro _ partecipazione \u00e8 creativit\u00e0<\/a><\/h2>\r\n<p>di Francesca Bizzarro<\/p>\r\n<p>In questo speciale tentiamo di capire meglio <strong>che cos&#8217;\u00e8 la progettazione partecipata<\/strong>, un approccio che costringe gli architetti a rivedere il proprio rapporto con gli utenti finali e ne ridimensiona l&#8217;ego con una buona iniezione di interdisciplinariet\u00e0.<\/p>\r\n<p class=\"freccina\" style=\"margin-bottom: 30px;\"><a title=\"Architetti al lavoro: partecipazione \u00e8 creativit\u00e0\" href=\"http:\/\/www.professionearchitetto.it\/job\/partecipazione\/architetti-al-lavoro-partecipazione-e-creativita\/\"><strong>La progettazione partecipata<\/strong>:<br \/> le interviste, le informazioni utili, le offerte e le opportunit\u00e0 di lavoro<\/a>&#8230;<\/p>","protected":false},"excerpt":{"rendered":"<p>Pu\u00f2 ancora esistere un&#8217;architettura che immagina di migliorare la societ\u00e0? L&#8217;Architetto pu\u00f2 avere un ruolo nel contrastare gli effetti negativi della globalizzazione? Fatti non fummo a vivere di CAD o arredamenti, ma per seguir virtute e canoscenza&#8230; Architetti al lavoro cerca di individuare possibili strade alternative. Segnalatecene anche voi, raccontateci la vostra storia, che sia [&hellip;]<\/p>\n","protected":false},"author":1,"featured_media":0,"parent":0,"menu_order":0,"comment_status":"closed","ping_status":"open","template":"","meta":{"footnotes":""},"class_list":["post-30","page","type-page","status-publish"],"_links":{"self":[{"href":"https:\/\/www.professionearchitetto.it\/job\/wp-json\/wp\/v2\/pages\/30","targetHints":{"allow":["GET"]}}],"collection":[{"href":"https:\/\/www.professionearchitetto.it\/job\/wp-json\/wp\/v2\/pages"}],"about":[{"href":"https:\/\/www.professionearchitetto.it\/job\/wp-json\/wp\/v2\/types\/page"}],"author":[{"embeddable":true,"href":"https:\/\/www.professionearchitetto.it\/job\/wp-json\/wp\/v2\/users\/1"}],"replies":[{"embeddable":true,"href":"https:\/\/www.professionearchitetto.it\/job\/wp-json\/wp\/v2\/comments?post=30"}],"version-history":[{"count":0,"href":"https:\/\/www.professionearchitetto.it\/job\/wp-json\/wp\/v2\/pages\/30\/revisions"}],"wp:attachment":[{"href":"https:\/\/www.professionearchitetto.it\/job\/wp-json\/wp\/v2\/media?parent=30"}],"curies":[{"name":"wp","href":"https:\/\/api.w.org\/{rel}","templated":true}]}}