{"id":807,"date":"2014-03-11T15:00:31","date_gmt":"2014-03-11T14:00:31","guid":{"rendered":"http:\/\/www.professionearchitetto.it\/wiki\/?page_id=807"},"modified":"2014-03-11T15:00:51","modified_gmt":"2014-03-11T14:00:51","slug":"wikicadpediainformazioni","status":"publish","type":"page","link":"https:\/\/www.professionearchitetto.it\/wiki\/wikicadpediainformazioni\/","title":{"rendered":"wikiCADpedia &#8211; Informazioni"},"content":{"rendered":"<h3><span class=\"mw-headline\" id=\"cos.27.C3.A8_WikiArchipedia.3F\"> cos&#8217;\u00e8 wikiArchipedia? <\/span><\/h3>\r\n<p><b>wikiArchipedia<\/b> \u00e8 la naturale evoluzione del progetto p+A lab.<\/p>\r\n<p>Si tratta di un modo diverso, pi\u00f9 efficace e versatile, di inserire i suggerimenti della comunit\u00e0 di esperti della <b><a class=\"external text\" href=\"http:\/\/www.professionearchitetto.it\/bacheca\/\" target=\"_blank\" rel=\"nofollow\">bacheca di professioneArchitetto.it<\/a><\/b>. Uno strumento aperto alla collaborazione di chiunque voglia partecipare. Infatti, <b>chiunque pu\u00f2 modificare queste pagine contribuendo alla crescita della wikiArchipedia<\/b>. Per ovvi motivi la modifica delle pagine \u00e8 consentita solo a seguito di una registrazione gratuita all&#8217;indirizzo webmaster[at]professionearchitetto.it<\/p>\r\n<p>Pertanto troverete molti link non abilitati: c&#8217;\u00e8 molto lavoro da fare. Anche la grafica e alcuni meccanismi sono provvisori.<\/p>\r\n<h2><span class=\"mw-headline\" id=\"Alcune_raccomandazioni_sul_diritto_d.27autore\"><img decoding=\"async\" alt=\"icn_attenzione.png\" src=\"http:\/\/www.professionearchitetto.it\/forum\/uploads\/Image\/icn_attenzione.png\" \/> Alcune raccomandazioni sul diritto d&#8217;autore<\/span><\/h2>\r\n<p><b>Non inserire all&#8217;interno delle voci della wikiArchipedia materiale copiato &#8211; di qualunque tipo esso sia: testo, immagine, video, file &#8211; da siti web o testi che non ne autorizzano esplicitamente la copia o la modifica, e non usare senza un&#8217;espressa autorizzazione materiale coperto da diritto d&#8217;autore.<\/b><\/p>\r\n<p><b>In ogni caso \u00e8 bene indicare con chiarezza e precisione la fonte di riferimento.<\/b><\/p>\r\n<p>Nel dubbio \u00e8 sempre preferibile che i contenuti inseriti siano una tua elaborazione personale.<\/p>","protected":false},"excerpt":{"rendered":"<p>cos&#8217;\u00e8 wikiArchipedia? wikiArchipedia \u00e8 la naturale evoluzione del progetto p+A lab. Si tratta di un modo diverso, pi\u00f9 efficace e versatile, di inserire i suggerimenti della comunit\u00e0 di esperti della bacheca di professioneArchitetto.it. Uno strumento aperto alla collaborazione di chiunque voglia partecipare. Infatti, chiunque pu\u00f2 modificare queste pagine contribuendo alla crescita della wikiArchipedia. Per ovvi [&hellip;]<\/p>\n","protected":false},"author":1,"featured_media":0,"parent":0,"menu_order":0,"comment_status":"open","ping_status":"open","template":"","meta":{"footnotes":""},"class_list":["post-807","page","type-page","status-publish"],"amp_enabled":true,"_links":{"self":[{"href":"https:\/\/www.professionearchitetto.it\/wiki\/wp-json\/wp\/v2\/pages\/807","targetHints":{"allow":["GET"]}}],"collection":[{"href":"https:\/\/www.professionearchitetto.it\/wiki\/wp-json\/wp\/v2\/pages"}],"about":[{"href":"https:\/\/www.professionearchitetto.it\/wiki\/wp-json\/wp\/v2\/types\/page"}],"author":[{"embeddable":true,"href":"https:\/\/www.professionearchitetto.it\/wiki\/wp-json\/wp\/v2\/users\/1"}],"replies":[{"embeddable":true,"href":"https:\/\/www.professionearchitetto.it\/wiki\/wp-json\/wp\/v2\/comments?post=807"}],"version-history":[{"count":0,"href":"https:\/\/www.professionearchitetto.it\/wiki\/wp-json\/wp\/v2\/pages\/807\/revisions"}],"wp:attachment":[{"href":"https:\/\/www.professionearchitetto.it\/wiki\/wp-json\/wp\/v2\/media?parent=807"}],"curies":[{"name":"wp","href":"https:\/\/api.w.org\/{rel}","templated":true}]}}